{"id":2409,"date":"2023-05-15T09:09:28","date_gmt":"2023-05-15T08:09:28","guid":{"rendered":"https:\/\/www.lisbonwaveandexperiences.com\/?page_id=2409"},"modified":"2023-05-15T09:14:51","modified_gmt":"2023-05-15T08:14:51","slug":"blog-en","status":"publish","type":"page","link":"https:\/\/www.lisbonwaveandexperiences.com\/?page_id=2409","title":{"rendered":"Blog"},"content":{"rendered":"\t\t<div data-elementor-type=\"wp-page\" data-elementor-id=\"2409\" class=\"elementor elementor-2409\">\n\t\t\t\t\t\t\t\t\t<section class=\"elementor-section elementor-top-section elementor-element elementor-element-c898a35 elementor-section-full_width elementor-section-stretched elementor-section-height-default elementor-section-height-default\" data-id=\"c898a35\" data-element_type=\"section\" data-settings=\"{&quot;stretch_section&quot;:&quot;section-stretched&quot;}\">\n\t\t\t\t\t\t<div class=\"elementor-container elementor-column-gap-default\">\n\t\t\t\t\t<div class=\"elementor-column elementor-col-100 elementor-top-column elementor-element elementor-element-5d92a42\" data-id=\"5d92a42\" data-element_type=\"column\">\n\t\t\t<div class=\"elementor-widget-wrap elementor-element-populated\">\n\t\t\t\t\t\t\t\t<div class=\"elementor-element elementor-element-392680b elementor-widget__width-inherit elementor-hidden-tablet elementor-hidden-mobile elementor-widget elementor-widget-image\" data-id=\"392680b\" data-element_type=\"widget\" data-widget_type=\"image.default\">\n\t\t\t\t<div class=\"elementor-widget-container\">\n\t\t\t<style>\/*! elementor - v3.12.1 - 02-04-2023 *\/\n.elementor-widget-image{text-align:center}.elementor-widget-image a{display:inline-block}.elementor-widget-image a img[src$=\".svg\"]{width:48px}.elementor-widget-image img{vertical-align:middle;display:inline-block}<\/style>\t\t\t\t\t\t\t\t\t\t\t\t<img loading=\"lazy\" decoding=\"async\" width=\"1920\" height=\"400\" src=\"https:\/\/www.lisbonwaveandexperiences.com\/wp-content\/uploads\/2023\/05\/blog_header.jpg\" class=\"attachment-full size-full wp-image-1698\" alt=\"Lisbon Wave and Experiences \u2013 moments of your life\" srcset=\"https:\/\/www.lisbonwaveandexperiences.com\/wp-content\/uploads\/2023\/05\/blog_header.jpg 1920w, https:\/\/www.lisbonwaveandexperiences.com\/wp-content\/uploads\/2023\/05\/blog_header-300x63.jpg 300w, https:\/\/www.lisbonwaveandexperiences.com\/wp-content\/uploads\/2023\/05\/blog_header-1024x213.jpg 1024w, https:\/\/www.lisbonwaveandexperiences.com\/wp-content\/uploads\/2023\/05\/blog_header-768x160.jpg 768w, https:\/\/www.lisbonwaveandexperiences.com\/wp-content\/uploads\/2023\/05\/blog_header-1536x320.jpg 1536w, https:\/\/www.lisbonwaveandexperiences.com\/wp-content\/uploads\/2023\/05\/blog_header-1000x208.jpg 1000w, https:\/\/www.lisbonwaveandexperiences.com\/wp-content\/uploads\/2023\/05\/blog_header-230x48.jpg 230w, https:\/\/www.lisbonwaveandexperiences.com\/wp-content\/uploads\/2023\/05\/blog_header-350x73.jpg 350w, https:\/\/www.lisbonwaveandexperiences.com\/wp-content\/uploads\/2023\/05\/blog_header-480x100.jpg 480w\" sizes=\"auto, (max-width: 1920px) 100vw, 1920px\" \/>\t\t\t\t\t\t\t\t\t\t\t\t\t\t\t<\/div>\n\t\t\t\t<\/div>\n\t\t\t\t\t<\/div>\n\t\t<\/div>\n\t\t\t\t\t\t\t<\/div>\n\t\t<\/section>\n\t\t\t\t<section class=\"elementor-section elementor-top-section elementor-element elementor-element-aad504c elementor-section-boxed elementor-section-height-default elementor-section-height-default\" data-id=\"aad504c\" data-element_type=\"section\">\n\t\t\t\t\t\t<div class=\"elementor-container elementor-column-gap-default\">\n\t\t\t\t\t<div class=\"elementor-column elementor-col-100 elementor-top-column elementor-element elementor-element-a402fcf\" data-id=\"a402fcf\" data-element_type=\"column\">\n\t\t\t<div class=\"elementor-widget-wrap elementor-element-populated\">\n\t\t\t\t\t\t\t\t<div class=\"elementor-element elementor-element-592835a elementor-widget elementor-widget-heading\" data-id=\"592835a\" data-element_type=\"widget\" data-widget_type=\"heading.default\">\n\t\t\t\t<div class=\"elementor-widget-container\">\n\t\t\t<style>\/*! elementor - v3.12.1 - 02-04-2023 *\/\n.elementor-heading-title{padding:0;margin:0;line-height:1}.elementor-widget-heading .elementor-heading-title[class*=elementor-size-]>a{color:inherit;font-size:inherit;line-height:inherit}.elementor-widget-heading .elementor-heading-title.elementor-size-small{font-size:15px}.elementor-widget-heading .elementor-heading-title.elementor-size-medium{font-size:19px}.elementor-widget-heading .elementor-heading-title.elementor-size-large{font-size:29px}.elementor-widget-heading .elementor-heading-title.elementor-size-xl{font-size:39px}.elementor-widget-heading .elementor-heading-title.elementor-size-xxl{font-size:59px}<\/style><h3 class=\"elementor-heading-title elementor-size-default\">BLOG<\/h3>\t\t<\/div>\n\t\t\t\t<\/div>\n\t\t\t\t\t<\/div>\n\t\t<\/div>\n\t\t\t\t\t\t\t<\/div>\n\t\t<\/section>\n\t\t\t\t<section class=\"elementor-section elementor-top-section elementor-element elementor-element-42c41ab elementor-section-boxed elementor-section-height-default elementor-section-height-default\" data-id=\"42c41ab\" data-element_type=\"section\">\n\t\t\t\t\t\t<div class=\"elementor-container elementor-column-gap-default\">\n\t\t\t\t\t<div class=\"elementor-column elementor-col-100 elementor-top-column elementor-element elementor-element-1995d47\" data-id=\"1995d47\" data-element_type=\"column\">\n\t\t\t<div class=\"elementor-widget-wrap elementor-element-populated\">\n\t\t\t\t\t\t\t\t<div class=\"elementor-element elementor-element-bfe413b elementor-grid-3 elementor-grid-tablet-2 elementor-grid-mobile-1 elementor-posts--thumbnail-top elementor-widget elementor-widget-posts\" data-id=\"bfe413b\" data-element_type=\"widget\" data-settings=\"{&quot;classic_columns&quot;:&quot;3&quot;,&quot;classic_columns_tablet&quot;:&quot;2&quot;,&quot;classic_columns_mobile&quot;:&quot;1&quot;,&quot;classic_row_gap&quot;:{&quot;unit&quot;:&quot;px&quot;,&quot;size&quot;:35,&quot;sizes&quot;:[]},&quot;classic_row_gap_tablet&quot;:{&quot;unit&quot;:&quot;px&quot;,&quot;size&quot;:&quot;&quot;,&quot;sizes&quot;:[]},&quot;classic_row_gap_mobile&quot;:{&quot;unit&quot;:&quot;px&quot;,&quot;size&quot;:&quot;&quot;,&quot;sizes&quot;:[]}}\" data-widget_type=\"posts.classic\">\n\t\t\t\t<div class=\"elementor-widget-container\">\n\t\t\t<link rel=\"stylesheet\" href=\"https:\/\/www.lisbonwaveandexperiences.com\/wp-content\/plugins\/elementor-pro\/assets\/css\/widget-posts.min.css\">\t\t<div class=\"elementor-posts-container elementor-posts elementor-posts--skin-classic elementor-grid\">\n\t\t\t\t<article class=\"elementor-post elementor-grid-item post-2479 post type-post status-publish format-standard has-post-thumbnail hentry category-natureza tag-jardins tag-misterio tag-reservas-naturais tag-serra-de-sintra tag-sintra\">\n\t\t\t\t<a class=\"elementor-post__thumbnail__link\" href=\"https:\/\/www.lisbonwaveandexperiences.com\/?p=2479&amp;lang=pt\" >\n\t\t\t<div class=\"elementor-post__thumbnail\"><img loading=\"lazy\" decoding=\"async\" width=\"300\" height=\"199\" src=\"https:\/\/www.lisbonwaveandexperiences.com\/wp-content\/uploads\/2023\/04\/nature_pack_03-300x199.jpg\" class=\"attachment-medium size-medium wp-image-1279\" alt=\"Nature - Lisbon Wave and Experiences \u2013 moments of your life\" srcset=\"https:\/\/www.lisbonwaveandexperiences.com\/wp-content\/uploads\/2023\/04\/nature_pack_03-300x199.jpg 300w, https:\/\/www.lisbonwaveandexperiences.com\/wp-content\/uploads\/2023\/04\/nature_pack_03-768x509.jpg 768w, https:\/\/www.lisbonwaveandexperiences.com\/wp-content\/uploads\/2023\/04\/nature_pack_03-230x152.jpg 230w, https:\/\/www.lisbonwaveandexperiences.com\/wp-content\/uploads\/2023\/04\/nature_pack_03-350x232.jpg 350w, https:\/\/www.lisbonwaveandexperiences.com\/wp-content\/uploads\/2023\/04\/nature_pack_03-480x318.jpg 480w, https:\/\/www.lisbonwaveandexperiences.com\/wp-content\/uploads\/2023\/04\/nature_pack_03.jpg 800w\" sizes=\"auto, (max-width: 300px) 100vw, 300px\" \/><\/div>\n\t\t<\/a>\n\t\t\t\t<div class=\"elementor-post__text\">\n\t\t\t\t<h3 class=\"elementor-post__title\">\n\t\t\t<a href=\"https:\/\/www.lisbonwaveandexperiences.com\/?p=2479&amp;lang=pt\" >\n\t\t\t\tRespirar a natureza na Serra de Sintra &#8211; Packs de natureza\t\t\t<\/a>\n\t\t<\/h3>\n\t\t\t\t<div class=\"elementor-post__excerpt\">\n\t\t\t<p>Respirar a natureza na Serra de Sintra. Aqui, no Monte da Lua, a serra est\u00e1 envolta em mist\u00e9rio, mas os segredos est\u00e3o<\/p>\n\t\t<\/div>\n\t\t\n\t\t<a class=\"elementor-post__read-more\" href=\"https:\/\/www.lisbonwaveandexperiences.com\/?p=2479&#038;lang=pt\" aria-label=\"Read more about Respirar a natureza na Serra de Sintra &#8211; Packs de natureza\" >\n\t\t\tRead More \u00bb\t\t<\/a>\n\n\t\t\t\t<\/div>\n\t\t\t\t<\/article>\n\t\t\t\t<article class=\"elementor-post elementor-grid-item post-2472 post type-post status-publish format-standard has-post-thumbnail hentry category-patrimonio tag-arquitectura-romantica tag-castelo-dos-mouros tag-chalet-da-condessa-dedla tag-convento-dos-capuchos tag-monumentos tag-paisagem-cultural tag-palacio-biester tag-palacio-da-pena tag-palacio-de-mafra tag-palacio-de-sintra tag-patrimonio-mundial\">\n\t\t\t\t<a class=\"elementor-post__thumbnail__link\" href=\"https:\/\/www.lisbonwaveandexperiences.com\/?p=2472&amp;lang=pt\" >\n\t\t\t<div class=\"elementor-post__thumbnail\"><img loading=\"lazy\" decoding=\"async\" width=\"300\" height=\"199\" src=\"https:\/\/www.lisbonwaveandexperiences.com\/wp-content\/uploads\/2023\/04\/heritage_pack_01-300x199.jpg\" class=\"attachment-medium size-medium wp-image-1295\" alt=\"Heritage - Lisbon Wave and Experiences \u2013 moments of your life\" srcset=\"https:\/\/www.lisbonwaveandexperiences.com\/wp-content\/uploads\/2023\/04\/heritage_pack_01-300x199.jpg 300w, https:\/\/www.lisbonwaveandexperiences.com\/wp-content\/uploads\/2023\/04\/heritage_pack_01-768x509.jpg 768w, https:\/\/www.lisbonwaveandexperiences.com\/wp-content\/uploads\/2023\/04\/heritage_pack_01-230x152.jpg 230w, https:\/\/www.lisbonwaveandexperiences.com\/wp-content\/uploads\/2023\/04\/heritage_pack_01-350x232.jpg 350w, https:\/\/www.lisbonwaveandexperiences.com\/wp-content\/uploads\/2023\/04\/heritage_pack_01-480x318.jpg 480w, https:\/\/www.lisbonwaveandexperiences.com\/wp-content\/uploads\/2023\/04\/heritage_pack_01.jpg 800w\" sizes=\"auto, (max-width: 300px) 100vw, 300px\" \/><\/div>\n\t\t<\/a>\n\t\t\t\t<div class=\"elementor-post__text\">\n\t\t\t\t<h3 class=\"elementor-post__title\">\n\t\t\t<a href=\"https:\/\/www.lisbonwaveandexperiences.com\/?p=2472&amp;lang=pt\" >\n\t\t\t\tSintra e a sua paisagem cultural &#8211; Packs patrim\u00f3nio\t\t\t<\/a>\n\t\t<\/h3>\n\t\t\t\t<div class=\"elementor-post__excerpt\">\n\t\t\t<p>Sintra e a sua paisagem cultural est\u00e3o inscritas na lista do Patrim\u00f3nio Mundial da UNESCO desde 1995. No s\u00e9culo XIX, Sintra teve<\/p>\n\t\t<\/div>\n\t\t\n\t\t<a class=\"elementor-post__read-more\" href=\"https:\/\/www.lisbonwaveandexperiences.com\/?p=2472&#038;lang=pt\" aria-label=\"Read more about Sintra e a sua paisagem cultural &#8211; Packs patrim\u00f3nio\" >\n\t\t\tRead More \u00bb\t\t<\/a>\n\n\t\t\t\t<\/div>\n\t\t\t\t<\/article>\n\t\t\t\t<article class=\"elementor-post elementor-grid-item post-2465 post type-post status-publish format-standard has-post-thumbnail hentry category-surf-pt tag-aulas-de-surf tag-experiencias tag-instrutores-de-surf tag-sintra\">\n\t\t\t\t<a class=\"elementor-post__thumbnail__link\" href=\"https:\/\/www.lisbonwaveandexperiences.com\/?p=2465&amp;lang=pt\" >\n\t\t\t<div class=\"elementor-post__thumbnail\"><img loading=\"lazy\" decoding=\"async\" width=\"300\" height=\"240\" src=\"https:\/\/www.lisbonwaveandexperiences.com\/wp-content\/uploads\/2023\/05\/pexels-photo-1667018-300x240.jpeg\" class=\"attachment-medium size-medium wp-image-1636\" alt=\"Lisbon Wave and Experiences \u2013 moments of your life\" srcset=\"https:\/\/www.lisbonwaveandexperiences.com\/wp-content\/uploads\/2023\/05\/pexels-photo-1667018-300x240.jpeg 300w, https:\/\/www.lisbonwaveandexperiences.com\/wp-content\/uploads\/2023\/05\/pexels-photo-1667018-1024x819.jpeg 1024w, https:\/\/www.lisbonwaveandexperiences.com\/wp-content\/uploads\/2023\/05\/pexels-photo-1667018-768x614.jpeg 768w, https:\/\/www.lisbonwaveandexperiences.com\/wp-content\/uploads\/2023\/05\/pexels-photo-1667018-1536x1228.jpeg 1536w, https:\/\/www.lisbonwaveandexperiences.com\/wp-content\/uploads\/2023\/05\/pexels-photo-1667018-1000x799.jpeg 1000w, https:\/\/www.lisbonwaveandexperiences.com\/wp-content\/uploads\/2023\/05\/pexels-photo-1667018-230x184.jpeg 230w, https:\/\/www.lisbonwaveandexperiences.com\/wp-content\/uploads\/2023\/05\/pexels-photo-1667018-350x280.jpeg 350w, https:\/\/www.lisbonwaveandexperiences.com\/wp-content\/uploads\/2023\/05\/pexels-photo-1667018-480x384.jpeg 480w, https:\/\/www.lisbonwaveandexperiences.com\/wp-content\/uploads\/2023\/05\/pexels-photo-1667018.jpeg 1600w\" sizes=\"auto, (max-width: 300px) 100vw, 300px\" \/><\/div>\n\t\t<\/a>\n\t\t\t\t<div class=\"elementor-post__text\">\n\t\t\t\t<h3 class=\"elementor-post__title\">\n\t\t\t<a href=\"https:\/\/www.lisbonwaveandexperiences.com\/?p=2465&amp;lang=pt\" >\n\t\t\t\tO surf n\u00e3o \u00e9 apenas um desporto, \u00e9 um estilo de vida! &#8211; Packs de surf\t\t\t<\/a>\n\t\t<\/h3>\n\t\t\t\t<div class=\"elementor-post__excerpt\">\n\t\t\t<p>O surf n\u00e3o \u00e9 apenas um desporto, \u00e9 um estilo de vida! E n\u00e3o h\u00e1 melhor lugar para experimentar isso do que<\/p>\n\t\t<\/div>\n\t\t\n\t\t<a class=\"elementor-post__read-more\" href=\"https:\/\/www.lisbonwaveandexperiences.com\/?p=2465&#038;lang=pt\" aria-label=\"Read more about O surf n\u00e3o \u00e9 apenas um desporto, \u00e9 um estilo de vida! &#8211; Packs de surf\" >\n\t\t\tRead More \u00bb\t\t<\/a>\n\n\t\t\t\t<\/div>\n\t\t\t\t<\/article>\n\t\t\t\t<article class=\"elementor-post elementor-grid-item post-2458 post type-post status-publish format-standard has-post-thumbnail hentry category-sabores tag-doces-regionais tag-gastronomia tag-prova-de-vinhos tag-regiao-demarcada tag-sabores-regionais tag-sintra\">\n\t\t\t\t<a class=\"elementor-post__thumbnail__link\" href=\"https:\/\/www.lisbonwaveandexperiences.com\/?p=2458&amp;lang=pt\" >\n\t\t\t<div class=\"elementor-post__thumbnail\"><img loading=\"lazy\" decoding=\"async\" width=\"300\" height=\"199\" src=\"https:\/\/www.lisbonwaveandexperiences.com\/wp-content\/uploads\/2023\/04\/taste_pack_01-300x199.jpg\" class=\"attachment-medium size-medium wp-image-1322\" alt=\"Taste - Lisbon Wave and Experiences \u2013 moments of your life\" srcset=\"https:\/\/www.lisbonwaveandexperiences.com\/wp-content\/uploads\/2023\/04\/taste_pack_01-300x199.jpg 300w, https:\/\/www.lisbonwaveandexperiences.com\/wp-content\/uploads\/2023\/04\/taste_pack_01-768x509.jpg 768w, https:\/\/www.lisbonwaveandexperiences.com\/wp-content\/uploads\/2023\/04\/taste_pack_01-230x152.jpg 230w, https:\/\/www.lisbonwaveandexperiences.com\/wp-content\/uploads\/2023\/04\/taste_pack_01-350x232.jpg 350w, https:\/\/www.lisbonwaveandexperiences.com\/wp-content\/uploads\/2023\/04\/taste_pack_01-480x318.jpg 480w, https:\/\/www.lisbonwaveandexperiences.com\/wp-content\/uploads\/2023\/04\/taste_pack_01.jpg 800w\" sizes=\"auto, (max-width: 300px) 100vw, 300px\" \/><\/div>\n\t\t<\/a>\n\t\t\t\t<div class=\"elementor-post__text\">\n\t\t\t\t<h3 class=\"elementor-post__title\">\n\t\t\t<a href=\"https:\/\/www.lisbonwaveandexperiences.com\/?p=2458&amp;lang=pt\" >\n\t\t\t\tSintra e toda a sua regi\u00e3o s\u00e3o ricas em sabores regionais que n\u00e3o pode perder. &#8211; Packs de sabores\t\t\t<\/a>\n\t\t<\/h3>\n\t\t\t\t<div class=\"elementor-post__excerpt\">\n\t\t\t<p>Sintra e toda a sua regi\u00e3o s\u00e3o ricas em sabores regionais que n\u00e3o pode perder. A gastronomia oferece iguarias \u00fanicas como o<\/p>\n\t\t<\/div>\n\t\t\n\t\t<a class=\"elementor-post__read-more\" href=\"https:\/\/www.lisbonwaveandexperiences.com\/?p=2458&#038;lang=pt\" aria-label=\"Read more about Sintra e toda a sua regi\u00e3o s\u00e3o ricas em sabores regionais que n\u00e3o pode perder. &#8211; Packs de sabores\" >\n\t\t\tRead More \u00bb\t\t<\/a>\n\n\t\t\t\t<\/div>\n\t\t\t\t<\/article>\n\t\t\t\t<article class=\"elementor-post elementor-grid-item post-2451 post type-post status-publish format-standard has-post-thumbnail hentry category-estadia tag-experiencias tag-jacuzzi-privado tag-natureza tag-parque-natural-de-sintra tag-pequeno-oasis tag-piscina-biologica tag-praia-do-magoito tag-sintra\">\n\t\t\t\t<a class=\"elementor-post__thumbnail__link\" href=\"https:\/\/www.lisbonwaveandexperiences.com\/?p=2451&amp;lang=pt\" >\n\t\t\t<div class=\"elementor-post__thumbnail\"><img loading=\"lazy\" decoding=\"async\" width=\"300\" height=\"199\" src=\"https:\/\/www.lisbonwaveandexperiences.com\/wp-content\/uploads\/2023\/04\/stay_pack_01-300x199.jpg\" class=\"attachment-medium size-medium wp-image-1352\" alt=\"Stay - Lisbon Wave and Experiences \u2013 moments of your life\" srcset=\"https:\/\/www.lisbonwaveandexperiences.com\/wp-content\/uploads\/2023\/04\/stay_pack_01-300x199.jpg 300w, https:\/\/www.lisbonwaveandexperiences.com\/wp-content\/uploads\/2023\/04\/stay_pack_01-768x509.jpg 768w, https:\/\/www.lisbonwaveandexperiences.com\/wp-content\/uploads\/2023\/04\/stay_pack_01-230x152.jpg 230w, https:\/\/www.lisbonwaveandexperiences.com\/wp-content\/uploads\/2023\/04\/stay_pack_01-350x232.jpg 350w, https:\/\/www.lisbonwaveandexperiences.com\/wp-content\/uploads\/2023\/04\/stay_pack_01-480x318.jpg 480w, https:\/\/www.lisbonwaveandexperiences.com\/wp-content\/uploads\/2023\/04\/stay_pack_01.jpg 800w\" sizes=\"auto, (max-width: 300px) 100vw, 300px\" \/><\/div>\n\t\t<\/a>\n\t\t\t\t<div class=\"elementor-post__text\">\n\t\t\t\t<h3 class=\"elementor-post__title\">\n\t\t\t<a href=\"https:\/\/www.lisbonwaveandexperiences.com\/?p=2451&amp;lang=pt\" >\n\t\t\t\tBot\u00e2nico &#8211; Estadia no nosso pequeno para\u00edso &#8211; Packs de estadia\t\t\t<\/a>\n\t\t<\/h3>\n\t\t\t\t<div class=\"elementor-post__excerpt\">\n\t\t\t<p>Localizado no Parque Natural Sintra Cascais, a norte de Sintra, sonh\u00e1mos e desenh\u00e1mos este pequeno o\u00e1sis, ideal para uma escapadela a menos<\/p>\n\t\t<\/div>\n\t\t\n\t\t<a class=\"elementor-post__read-more\" href=\"https:\/\/www.lisbonwaveandexperiences.com\/?p=2451&#038;lang=pt\" aria-label=\"Read more about Bot\u00e2nico &#8211; Estadia no nosso pequeno para\u00edso &#8211; Packs de estadia\" >\n\t\t\tRead More \u00bb\t\t<\/a>\n\n\t\t\t\t<\/div>\n\t\t\t\t<\/article>\n\t\t\t\t<article class=\"elementor-post elementor-grid-item post-2422 post type-post status-publish format-standard has-post-thumbnail hentry category-especiais tag-almoco-em-familia tag-comunidade tag-domingo tag-espaco-ideal tag-memorias\">\n\t\t\t\t<a class=\"elementor-post__thumbnail__link\" href=\"https:\/\/www.lisbonwaveandexperiences.com\/?p=2422&amp;lang=pt\" >\n\t\t\t<div class=\"elementor-post__thumbnail\"><img loading=\"lazy\" decoding=\"async\" width=\"300\" height=\"199\" src=\"https:\/\/www.lisbonwaveandexperiences.com\/wp-content\/uploads\/2023\/04\/special_pack_01-300x199.jpg\" class=\"attachment-medium size-medium wp-image-1362\" alt=\"Special - Lisbon Wave and Experiences \u2013 moments of your life\" srcset=\"https:\/\/www.lisbonwaveandexperiences.com\/wp-content\/uploads\/2023\/04\/special_pack_01-300x199.jpg 300w, https:\/\/www.lisbonwaveandexperiences.com\/wp-content\/uploads\/2023\/04\/special_pack_01-768x509.jpg 768w, https:\/\/www.lisbonwaveandexperiences.com\/wp-content\/uploads\/2023\/04\/special_pack_01-230x152.jpg 230w, https:\/\/www.lisbonwaveandexperiences.com\/wp-content\/uploads\/2023\/04\/special_pack_01-350x232.jpg 350w, https:\/\/www.lisbonwaveandexperiences.com\/wp-content\/uploads\/2023\/04\/special_pack_01-480x318.jpg 480w, https:\/\/www.lisbonwaveandexperiences.com\/wp-content\/uploads\/2023\/04\/special_pack_01.jpg 800w\" sizes=\"auto, (max-width: 300px) 100vw, 300px\" \/><\/div>\n\t\t<\/a>\n\t\t\t\t<div class=\"elementor-post__text\">\n\t\t\t\t<h3 class=\"elementor-post__title\">\n\t\t\t<a href=\"https:\/\/www.lisbonwaveandexperiences.com\/?p=2422&amp;lang=pt\" >\n\t\t\t\tFuja da agita\u00e7\u00e3o da vida quotidiana &#8211; Packs especiais\t\t\t<\/a>\n\t\t<\/h3>\n\t\t\t\t<div class=\"elementor-post__excerpt\">\n\t\t\t<p>Fuja da az\u00e1fama da vida quotidiana e passe um domingo agrad\u00e1vel com os seus entes queridos. Abrimos as nossas portas a todos<\/p>\n\t\t<\/div>\n\t\t\n\t\t<a class=\"elementor-post__read-more\" href=\"https:\/\/www.lisbonwaveandexperiences.com\/?p=2422&#038;lang=pt\" aria-label=\"Read more about Fuja da agita\u00e7\u00e3o da vida quotidiana &#8211; Packs especiais\" >\n\t\t\tRead More \u00bb\t\t<\/a>\n\n\t\t\t\t<\/div>\n\t\t\t\t<\/article>\n\t\t\t\t<\/div>\n\t\t\n\t\t\t\t<\/div>\n\t\t\t\t<\/div>\n\t\t\t\t\t<\/div>\n\t\t<\/div>\n\t\t\t\t\t\t\t<\/div>\n\t\t<\/section>\n\t\t\t\t\t\t\t<\/div>\n\t\t","protected":false},"excerpt":{"rendered":"<p>BLOG<\/p>\n","protected":false},"author":1,"featured_media":0,"parent":0,"menu_order":0,"comment_status":"closed","ping_status":"closed","template":"elementor_header_footer","meta":{"footnotes":""},"class_list":["post-2409","page","type-page","status-publish","hentry"],"_links":{"self":[{"href":"https:\/\/www.lisbonwaveandexperiences.com\/index.php?rest_route=\/wp\/v2\/pages\/2409","targetHints":{"allow":["GET"]}}],"collection":[{"href":"https:\/\/www.lisbonwaveandexperiences.com\/index.php?rest_route=\/wp\/v2\/pages"}],"about":[{"href":"https:\/\/www.lisbonwaveandexperiences.com\/index.php?rest_route=\/wp\/v2\/types\/page"}],"author":[{"embeddable":true,"href":"https:\/\/www.lisbonwaveandexperiences.com\/index.php?rest_route=\/wp\/v2\/users\/1"}],"replies":[{"embeddable":true,"href":"https:\/\/www.lisbonwaveandexperiences.com\/index.php?rest_route=%2Fwp%2Fv2%2Fcomments&post=2409"}],"version-history":[{"count":10,"href":"https:\/\/www.lisbonwaveandexperiences.com\/index.php?rest_route=\/wp\/v2\/pages\/2409\/revisions"}],"predecessor-version":[{"id":2421,"href":"https:\/\/www.lisbonwaveandexperiences.com\/index.php?rest_route=\/wp\/v2\/pages\/2409\/revisions\/2421"}],"wp:attachment":[{"href":"https:\/\/www.lisbonwaveandexperiences.com\/index.php?rest_route=%2Fwp%2Fv2%2Fmedia&parent=2409"}],"curies":[{"name":"wp","href":"https:\/\/api.w.org\/{rel}","templated":true}]}}