{"id":2541,"date":"2023-05-15T11:41:32","date_gmt":"2023-05-15T10:41:32","guid":{"rendered":"https:\/\/www.lisbonwaveandexperiences.com\/?page_id=2541"},"modified":"2023-05-15T11:44:27","modified_gmt":"2023-05-15T10:44:27","slug":"politica-de-privacidade","status":"publish","type":"page","link":"https:\/\/www.lisbonwaveandexperiences.com\/?page_id=2541&lang=pt","title":{"rendered":"Pol\u00edtica de privacidade"},"content":{"rendered":"\t\t<div data-elementor-type=\"wp-page\" data-elementor-id=\"2541\" class=\"elementor elementor-2541\">\n\t\t\t\t\t\t\t\t\t<section class=\"elementor-section elementor-top-section elementor-element elementor-element-82baa76 elementor-section-full_width elementor-section-stretched elementor-section-height-default elementor-section-height-default\" data-id=\"82baa76\" data-element_type=\"section\" data-settings=\"{&quot;stretch_section&quot;:&quot;section-stretched&quot;}\">\n\t\t\t\t\t\t<div class=\"elementor-container elementor-column-gap-default\">\n\t\t\t\t\t<div class=\"elementor-column elementor-col-100 elementor-top-column elementor-element elementor-element-4ec1d28\" data-id=\"4ec1d28\" data-element_type=\"column\">\n\t\t\t<div class=\"elementor-widget-wrap elementor-element-populated\">\n\t\t\t\t\t\t\t\t<div class=\"elementor-element elementor-element-a01124a elementor-widget elementor-widget-image\" data-id=\"a01124a\" data-element_type=\"widget\" data-widget_type=\"image.default\">\n\t\t\t\t<div class=\"elementor-widget-container\">\n\t\t\t<style>\/*! elementor - v3.12.1 - 02-04-2023 *\/\n.elementor-widget-image{text-align:center}.elementor-widget-image a{display:inline-block}.elementor-widget-image a img[src$=\".svg\"]{width:48px}.elementor-widget-image img{vertical-align:middle;display:inline-block}<\/style>\t\t\t\t\t\t\t\t\t\t\t\t<img loading=\"lazy\" decoding=\"async\" width=\"1920\" height=\"400\" src=\"https:\/\/www.lisbonwaveandexperiences.com\/wp-content\/uploads\/2023\/05\/sintra_areal_header.jpg\" class=\"attachment-full size-full wp-image-2207\" alt=\"Lisbon Wave and Experiences \u2013 moments of your life\" srcset=\"https:\/\/www.lisbonwaveandexperiences.com\/wp-content\/uploads\/2023\/05\/sintra_areal_header.jpg 1920w, https:\/\/www.lisbonwaveandexperiences.com\/wp-content\/uploads\/2023\/05\/sintra_areal_header-300x63.jpg 300w, https:\/\/www.lisbonwaveandexperiences.com\/wp-content\/uploads\/2023\/05\/sintra_areal_header-1024x213.jpg 1024w, https:\/\/www.lisbonwaveandexperiences.com\/wp-content\/uploads\/2023\/05\/sintra_areal_header-768x160.jpg 768w, https:\/\/www.lisbonwaveandexperiences.com\/wp-content\/uploads\/2023\/05\/sintra_areal_header-1536x320.jpg 1536w, https:\/\/www.lisbonwaveandexperiences.com\/wp-content\/uploads\/2023\/05\/sintra_areal_header-1000x208.jpg 1000w, https:\/\/www.lisbonwaveandexperiences.com\/wp-content\/uploads\/2023\/05\/sintra_areal_header-230x48.jpg 230w, https:\/\/www.lisbonwaveandexperiences.com\/wp-content\/uploads\/2023\/05\/sintra_areal_header-350x73.jpg 350w, https:\/\/www.lisbonwaveandexperiences.com\/wp-content\/uploads\/2023\/05\/sintra_areal_header-480x100.jpg 480w\" sizes=\"auto, (max-width: 1920px) 100vw, 1920px\" \/>\t\t\t\t\t\t\t\t\t\t\t\t\t\t\t<\/div>\n\t\t\t\t<\/div>\n\t\t\t\t\t<\/div>\n\t\t<\/div>\n\t\t\t\t\t\t\t<\/div>\n\t\t<\/section>\n\t\t\t\t<section class=\"elementor-section elementor-top-section elementor-element elementor-element-32946112 elementor-section-boxed elementor-section-height-default elementor-section-height-default\" data-id=\"32946112\" data-element_type=\"section\">\n\t\t\t\t\t\t<div class=\"elementor-container elementor-column-gap-default\">\n\t\t\t\t\t<div class=\"elementor-column elementor-col-100 elementor-top-column elementor-element elementor-element-4f169c13\" data-id=\"4f169c13\" data-element_type=\"column\">\n\t\t\t<div class=\"elementor-widget-wrap elementor-element-populated\">\n\t\t\t\t\t\t\t\t<div class=\"elementor-element elementor-element-5a99353f elementor-widget elementor-widget-text-editor\" data-id=\"5a99353f\" data-element_type=\"widget\" data-widget_type=\"text-editor.default\">\n\t\t\t\t<div class=\"elementor-widget-container\">\n\t\t\t<style>\/*! elementor - v3.12.1 - 02-04-2023 *\/\n.elementor-widget-text-editor.elementor-drop-cap-view-stacked .elementor-drop-cap{background-color:#69727d;color:#fff}.elementor-widget-text-editor.elementor-drop-cap-view-framed .elementor-drop-cap{color:#69727d;border:3px solid;background-color:transparent}.elementor-widget-text-editor:not(.elementor-drop-cap-view-default) .elementor-drop-cap{margin-top:8px}.elementor-widget-text-editor:not(.elementor-drop-cap-view-default) .elementor-drop-cap-letter{width:1em;height:1em}.elementor-widget-text-editor .elementor-drop-cap{float:left;text-align:center;line-height:1;font-size:50px}.elementor-widget-text-editor .elementor-drop-cap-letter{display:inline-block}<\/style>\t\t\t\t<h4>Pol\u00edtica de privacidade<\/h4><div><strong>Introdu\u00e7\u00e3o<\/strong>:<\/div><div>\u00a0<\/div><div>Respeitamos a sua privacidade e estamos empenhados em proteger as suas informa\u00e7\u00f5es pessoais. Esta pol\u00edtica de privacidade explica como recolhemos, utilizamos e protegemos as suas informa\u00e7\u00f5es quando visita o nosso s\u00edtio Web.<\/div><div>\u00a0<\/div><div><strong>Recolha de informa\u00e7\u00f5es:<\/strong><\/div><div>\u00a0<\/div><p>Podemos recolher informa\u00e7\u00f5es pessoais, como o seu nome, endere\u00e7o de correio electr\u00f3nico e n\u00famero de telefone, quando preenche um formul\u00e1rio no nosso s\u00edtio Web ou nos contacta por correio electr\u00f3nico. Tamb\u00e9m podemos recolher informa\u00e7\u00f5es n\u00e3o pessoais, como o seu endere\u00e7o IP, tipo de browser e sistema operativo, para fins anal\u00edticos.<\/p><p><strong>Utiliza\u00e7\u00e3o das informa\u00e7\u00f5es:<\/strong><\/p><p>Utilizamos as informa\u00e7\u00f5es que recolhemos para melhorar o nosso Web site e os nossos servi\u00e7os, para comunicar com o utilizador e para personalizar a sua experi\u00eancia. Tamb\u00e9m podemos utilizar as suas informa\u00e7\u00f5es para lhe enviar boletins informativos, materiais promocionais e outras comunica\u00e7\u00f5es de marketing.<\/p><p><strong>Partilha de informa\u00e7\u00f5es:<\/strong><\/p><p>N\u00e3o vendemos, trocamos ou alugamos as suas informa\u00e7\u00f5es pessoais a terceiros. Podemos partilhar as suas informa\u00e7\u00f5es com os nossos parceiros de confian\u00e7a que nos ajudam a operar o nosso s\u00edtio Web ou a prestar-lhe servi\u00e7os. Tamb\u00e9m podemos divulgar as suas informa\u00e7\u00f5es se tal for exigido por lei ou em resposta a uma ordem judicial.<\/p><p><strong>Seguran\u00e7a dos dados:<\/strong><\/p><p>Tomamos medidas adequadas para proteger as informa\u00e7\u00f5es do utilizador contra acesso n\u00e3o autorizado, altera\u00e7\u00e3o, divulga\u00e7\u00e3o ou destrui\u00e7\u00e3o. Utilizamos tecnologias seguras para proteger os seus dados durante a transmiss\u00e3o e o armazenamento.<\/p><p><strong>Cookies:<\/strong><\/p><p>Podemos utilizar cookies para recolher informa\u00e7\u00f5es sobre o seu comportamento de navega\u00e7\u00e3o no nosso website. Os cookies s\u00e3o pequenos ficheiros de texto que s\u00e3o armazenados no seu dispositivo. O utilizador pode optar por desactivar os cookies nas defini\u00e7\u00f5es do seu browser, mas isso pode afectar a sua capacidade de aceder a algumas funcionalidades do nosso s\u00edtio Web.<\/p><p><strong>Liga\u00e7\u00f5es a s\u00edtios Web de terceiros:<\/strong><\/p><p>O nosso s\u00edtio Web pode conter liga\u00e7\u00f5es para s\u00edtios Web de terceiros que n\u00e3o s\u00e3o detidos ou controlados por n\u00f3s. N\u00e3o somos respons\u00e1veis pelas pr\u00e1ticas de privacidade ou pelo conte\u00fado desses s\u00edtios Web. Aconselhamos o utilizador a ler as pol\u00edticas de privacidade desses s\u00edtios Web antes de fornecer quaisquer informa\u00e7\u00f5es pessoais.<\/p><p><strong>Altera\u00e7\u00f5es \u00e0 pol\u00edtica de privacidade:<\/strong><\/p><p>Poderemos actualizar esta pol\u00edtica de privacidade ocasionalmente. O utilizador ser\u00e1 notificado de quaisquer altera\u00e7\u00f5es atrav\u00e9s da publica\u00e7\u00e3o da nova pol\u00edtica de privacidade no nosso s\u00edtio Web. A sua utiliza\u00e7\u00e3o continuada do nosso s\u00edtio Web ap\u00f3s as altera\u00e7\u00f5es constitui a sua aceita\u00e7\u00e3o da pol\u00edtica actualizada.<\/p>\t\t\t\t\t\t<\/div>\n\t\t\t\t<\/div>\n\t\t\t\t\t<\/div>\n\t\t<\/div>\n\t\t\t\t\t\t\t<\/div>\n\t\t<\/section>\n\t\t\t\t\t\t\t<\/div>\n\t\t","protected":false},"excerpt":{"rendered":"<p>Pol\u00edtica de privacidade Introdu\u00e7\u00e3o:\u00a0Respeitamos a sua privacidade e estamos empenhados em proteger as suas informa\u00e7\u00f5es pessoais. Esta pol\u00edtica de privacidade explica como [&hellip;]<\/p>\n","protected":false},"author":1,"featured_media":0,"parent":0,"menu_order":0,"comment_status":"closed","ping_status":"open","template":"elementor_header_footer","meta":{"footnotes":""},"class_list":["post-2541","page","type-page","status-publish","hentry"],"_links":{"self":[{"href":"https:\/\/www.lisbonwaveandexperiences.com\/index.php?rest_route=\/wp\/v2\/pages\/2541","targetHints":{"allow":["GET"]}}],"collection":[{"href":"https:\/\/www.lisbonwaveandexperiences.com\/index.php?rest_route=\/wp\/v2\/pages"}],"about":[{"href":"https:\/\/www.lisbonwaveandexperiences.com\/index.php?rest_route=\/wp\/v2\/types\/page"}],"author":[{"embeddable":true,"href":"https:\/\/www.lisbonwaveandexperiences.com\/index.php?rest_route=\/wp\/v2\/users\/1"}],"replies":[{"embeddable":true,"href":"https:\/\/www.lisbonwaveandexperiences.com\/index.php?rest_route=%2Fwp%2Fv2%2Fcomments&post=2541"}],"version-history":[{"count":4,"href":"https:\/\/www.lisbonwaveandexperiences.com\/index.php?rest_route=\/wp\/v2\/pages\/2541\/revisions"}],"predecessor-version":[{"id":2545,"href":"https:\/\/www.lisbonwaveandexperiences.com\/index.php?rest_route=\/wp\/v2\/pages\/2541\/revisions\/2545"}],"wp:attachment":[{"href":"https:\/\/www.lisbonwaveandexperiences.com\/index.php?rest_route=%2Fwp%2Fv2%2Fmedia&parent=2541"}],"curies":[{"name":"wp","href":"https:\/\/api.w.org\/{rel}","templated":true}]}}